{"id":3801,"date":"2018-04-12T08:17:45","date_gmt":"2018-04-12T08:17:45","guid":{"rendered":"https:\/\/yachtalliance.comathens-yachts\/"},"modified":"2018-06-04T12:57:18","modified_gmt":"2018-06-04T12:57:18","slug":"athens-yachts","status":"publish","type":"page","link":"https:\/\/yachtalliance.com\/fr\/","title":{"rendered":"Yacht Alliance"},"content":{"rendered":"<\/div><\/div><\/div><!-- close content main div --><\/div><\/div><div id='full_slider_1' class='avia-fullwidth-slider main_color avia-shadow    container_wrap fullsize'   ><div  data-size='no scaling'  data-lightbox_size='large'  data-animation='fade'  data-ids='4289,4292,4295,4298'  data-video_counter='0'  data-autoplay='true'  data-bg_slider='false'  data-slide_height=''  data-handle='av_slideshow_full'  data-interval='5'  data-class=' '  data-css_id=''  data-scroll_down=''  data-control_layout='av-control-default'  data-custom_markup=''  data-perma_caption='aviaTBperma_caption'  data-autoplay_stopper=''  data-image_attachment=''  data-min_height=''  data-src=''  data-position='top left'  data-repeat='no-repeat'  data-attach='scroll'  data-stretch=''  class='avia-slideshow avia-slideshow-1  av-control-default av-default-height-applied avia-slideshow-no scaling av_slideshow_full   avia-fade-slider '  itemprop=\"ImageObject\" itemscope=\"itemscope\" itemtype=\"https:\/\/schema.org\/ImageObject\" ><ul class='avia-slideshow-inner' style='padding-bottom: 50.397877984085%;'><li  class=' slide-1 ' ><div data-rel='slideshow-1' class='avia-slide-wrap'  ><img src='https:\/\/yachtalliance.com\/wp-content\/uploads\/2018\/04\/Yacht_Alliance_homepage_Schema_a.jpg' width='2262' height='1140' title='Yacht_Alliance_homepage_Schema_a' alt=''  itemprop=\"thumbnailUrl\"   \/><\/div><\/li><li  class=' slide-2 ' ><div data-rel='slideshow-1' class='avia-slide-wrap'  ><img src='https:\/\/yachtalliance.com\/wp-content\/uploads\/2018\/04\/Yacht_Alliance_homepage_Schema_b.jpg' width='2262' height='1140' title='Yacht_Alliance_homepage_Schema_b' alt=''  itemprop=\"thumbnailUrl\"   \/><\/div><\/li><li  class=' slide-3 ' ><div data-rel='slideshow-1' class='avia-slide-wrap'  ><img src='https:\/\/yachtalliance.com\/wp-content\/uploads\/2018\/04\/Yacht_Alliance_homepage_Schema_c.jpg' width='2262' height='1140' title='Yacht_Alliance_homepage_Schema_c' alt=''  itemprop=\"thumbnailUrl\"   \/><\/div><\/li><li  class=' slide-4 ' ><div data-rel='slideshow-1' class='avia-slide-wrap'  ><img src='https:\/\/yachtalliance.com\/wp-content\/uploads\/2018\/04\/Yacht_Alliance_homepage_Schema_d.jpg' width='2262' height='1140' title='Yacht_Alliance_homepage_Schema_d' alt=''  itemprop=\"thumbnailUrl\"   \/><\/div><\/li><\/ul><div class='avia-slideshow-arrows avia-slideshow-controls'><a href='#prev' class='prev-slide' aria-hidden='true' data-av_icon='\ue87c' data-av_iconfont='entypo-fontello'>Pr\u00e9c\u00e9dent<\/a><a href='#next' class='next-slide' aria-hidden='true' data-av_icon='\ue87d' data-av_iconfont='entypo-fontello'>Suivant<\/a><\/div><div class='avia-slideshow-dots avia-slideshow-controls'><a href='#1' class='goto-slide active' >1<\/a><a href='#2' class='goto-slide ' >2<\/a><a href='#3' class='goto-slide ' >3<\/a><a href='#4' class='goto-slide ' >4<\/a><\/div><div class = \"caption_fullwidth av-slideshow-caption caption_center\"><div class = \"container caption_container\"><div class = \"slideshow_caption\"><div class = \"slideshow_inner_caption\"><div class = \"slideshow_align_caption\"><h2  style='font-size:42px; color:#ffffff; ' class='avia-caption-title  av-medium-font-size-overwrite av-medium-font-size-38 av-small-font-size-overwrite av-small-font-size-32 av-mini-font-size-overwrite av-mini-font-size-24'  itemprop=\"name\" ><span class=\"jg_space_4\">UNE SOCI\u00c9T\u00c9 \"BOUTIQUE\"<br \/>\nDE YACHTING DE LUXE<\/span><\/h2><\/div><\/div><\/div><\/div><\/div><\/div><\/div>\n<\/div><\/div><\/div><!-- close content main div --><\/div><\/div><div id='section-home' class='avia-section main_color avia-section-large avia-no-border-styling avia-bg-style-scroll    container_wrap fullsize' style = 'background-color: #8fccd3; background-repeat: no-repeat; background-image: url(https:\/\/yachtalliance.com\/wp-content\/uploads\/2018\/04\/Yacht_Alliance_homepage_blue_Schema.jpg); background-attachment: scroll; background-position: bottom center; ' data-section-bg-repeat='no-repeat' ><div class='container' ><div class='template-page content  av-content-full alpha units'><div class='post-entry post-entry-type-page post-entry-3801'><div class='entry-content-wrapper clearfix'>\n<div class=\"flex_column av_one_full  flex_column_div av-zero-column-padding first  \" style='border-radius:0px; '><p><div style='padding-bottom:30px;color:#ffffff;' class='av-special-heading av-special-heading-h1 custom-color-heading blockquote modern-quote modern-centered  jg_lighter '><h1 class='av-special-heading-tag  av-medium-font-size-overwrite av-medium-font-size-32 av-small-font-size-overwrite av-small-font-size-24 av-mini-font-size-overwrite av-mini-font-size-18'  itemprop=\"headline\"  >Notre premi\u00e8re mission est d\u2019offrir l\u2019exp\u00e9rience de Yachting absolue avec le maximum de soin, en utilisant notre savoir-faire professionnel dans tous les aspects afin d\u2019informer, de consulter et vous guider vers la solution la plus s\u00fbre.<\/h1><div class='special-heading-border'><div class='special-heading-inner-border' style='border-color:#ffffff'><\/div><\/div><\/div><br \/>\n<div class='avia-button-wrap avia-button-center  '><a href='https:\/\/yachtalliance.com\/fr\/profil\/' class='avia-button av-icon-on-hover  avia-icon_select-yes-right-icon avia-color-dark avia-size-small avia-position-center '   ><span class='avia_iconbox_title' >LIRE PLUS<\/span><span class='avia_button_icon avia_button_icon_right' aria-hidden='true' data-av_icon='\ue875' data-av_iconfont='entypo-fontello'><\/span><\/a><\/div><\/p><\/div>\n\n<\/div><\/div><\/div><!-- close content main div --><\/div><\/div><div id='jg-grid' class='av-layout-grid-container entry-content-wrapper main_color av-flex-cells av-break-at-tablet    container_wrap fullsize'   >\n<div class=\"flex_cell no_margin av_one_half    av-hide-on-mobile  \" style='height:400px; min-height:400px;vertical-align:top; padding:30px; '><div class='flex_cell_inner' ><\/div><\/div><div class=\"flex_cell no_margin av_one_half    \" style='height:400px; min-height:400px;vertical-align:top; padding:30px 10% 30px 30px ; '><div class='flex_cell_inner' ><p><section class=\"av_textblock_section \"  itemscope=\"itemscope\" itemtype=\"https:\/\/schema.org\/CreativeWork\" ><div class='avia_textblock jg_space_2 '   itemprop=\"text\" ><p><strong>YACHTING DE LUXE<br \/>\n<\/strong><\/p>\n<\/div><\/section><br \/>\n<div style=' margin-top:0px; margin-bottom:60px;'  class='hr hr-custom hr-left hr-icon-no   '><span class='hr-inner   inner-border-av-border-thin' style=' width:200px; border-color:#444b53;' ><span class='hr-inner-style'><\/span><\/span><\/div><br \/>\n<div style='padding-bottom:20px;' class='av-special-heading av-special-heading-h3  blockquote modern-quote   '><h3 class='av-special-heading-tag '  itemprop=\"headline\"  >VOTRE EXPERIENCE PERSONNALISEE <\/h3><div class='special-heading-border'><div class='special-heading-inner-border' ><\/div><\/div><\/div><br \/>\n<section class=\"av_textblock_section \"  itemscope=\"itemscope\" itemtype=\"https:\/\/schema.org\/CreativeWork\" ><div class='avia_textblock  '   itemprop=\"text\" ><p>Nous d\u00e9veloppons constamment nos limites dans tous les domaines de l&rsquo;industrie du yacht offrant \u00e0 nos clients l\u2019avantage de l&rsquo;exp\u00e9rience, ainsi que les meilleurs conseils et soutien qui sont disponibles sur le march\u00e9. Comme une \u00ab\u00a0boutique\u00a0\u00bb mais en tant qu\u2019une organisation tr\u00e8s flexible \u00e0 la fois , nous sommes toujours disponibles pour vous aider et vous guider. Nous travaillons ensemble comme une \u00e9quipe avec un seul objectif &#8211; de fournir \u00e0 nos clients le meilleur service dans l&rsquo;industrie du yachting. Gr\u00e2ce \u00e0 notre histoire comme une base solide, nous travaillons et nous nous concentrons sur l&rsquo;avenir.<\/p>\n<\/div><\/section><br \/>\n<div style='height:50px' class='hr hr-invisible   '><span class='hr-inner ' ><span class='hr-inner-style'><\/span><\/span><\/div><br \/>\n<div class='avia-button-wrap avia-button-left  '><a href='https:\/\/yachtalliance.com\/fr\/yachting-en-grece\/yachting-en-grece\/' class='avia-button av-icon-on-hover  avia-icon_select-yes-right-icon avia-color-dark avia-size-large avia-position-left '   ><span class='avia_iconbox_title' >LIRE PLUS<\/span><span class='avia_button_icon avia_button_icon_right' aria-hidden='true' data-av_icon='\ue875' data-av_iconfont='entypo-fontello'><\/span><\/a><\/div><\/p>\n<\/div><\/div>\n<\/div>\n<div id='av-masonry-1' class='av-masonry noHover av-fixed-size av-no-gap av-hover-overlay-active av-masonry-col-2 av-caption-always av-caption-style-overlay av-masonry-gallery     ' style='background-color:rgba(0,0,0,0); ' ><div class='av-masonry-container isotope av-js-disabled ' ><div class='av-masonry-entry isotope-item av-masonry-item-no-image '><\/div><a href=\"https:\/\/yachtalliance.com\/fr\/nos-super-yachts\/\" id='av-masonry-1-item-4852' data-av-masonry-item='4852' class='av-masonry-entry isotope-item post-4852 attachment type-attachment status-inherit hentry  av-masonry-item-with-image' title=\"\"  itemprop=\"thumbnailUrl\" ><div class='av-inner-masonry-sizer'><\/div><figure class='av-inner-masonry main_color'><div class=\"av-masonry-outerimage-container\"><div class=\"av-masonry-image-container\" style=\"background-image: url(https:\/\/yachtalliance.com\/wp-content\/uploads\/2018\/06\/Yacht_Alliance_homepage_image_Schema_1a-1200x680.jpg);\"><img src=\"https:\/\/yachtalliance.com\/wp-content\/uploads\/2018\/06\/Yacht_Alliance_homepage_image_Schema_1a-1200x680.jpg\" title=\"LOUER&lt;br&gt;UN YACHT\" alt=\"\" \/><\/div><\/div><figcaption class='av-inner-masonry-content site-background'><div class='av-inner-masonry-content-pos'><div class='av-inner-masonry-content-pos-content'><div class='avia-arrow'><\/div><h3 class='av-masonry-entry-title entry-title'  itemprop=\"headline\" >LOUER<br>UN YACHT<\/h3><\/div><\/div><\/figcaption><\/figure><\/a><!--end av-masonry entry--><a href=\"https:\/\/yachtalliance.com\/fr\/destinations\/\" id='av-masonry-1-item-4315' data-av-masonry-item='4315' class='av-masonry-entry isotope-item post-4315 attachment type-attachment status-inherit hentry  av-masonry-item-with-image' title=\"DESTINATIONS DES YACHTS \u00c0 LA LOCATION\"  itemprop=\"thumbnailUrl\" ><div class='av-inner-masonry-sizer'><\/div><figure class='av-inner-masonry main_color'><div class=\"av-masonry-outerimage-container\"><div class=\"av-masonry-image-container\" style=\"background-image: url(https:\/\/yachtalliance.com\/wp-content\/uploads\/2018\/04\/Yacht_Alliance_homepage_image_Schema_b.jpg);\"><img src=\"https:\/\/yachtalliance.com\/wp-content\/uploads\/2018\/04\/Yacht_Alliance_homepage_image_Schema_b.jpg\" title=\"DESTINATIONS DES YACHTS&lt;br&gt;\u00c0 LA LOCATION\" alt=\"\" \/><\/div><\/div><figcaption class='av-inner-masonry-content site-background'><div class='av-inner-masonry-content-pos'><div class='av-inner-masonry-content-pos-content'><div class='avia-arrow'><\/div><h3 class='av-masonry-entry-title entry-title'  itemprop=\"headline\" >DESTINATIONS DES YACHTS<br>\u00c0 LA LOCATION<\/h3><\/div><\/div><\/figcaption><\/figure><\/a><!--end av-masonry entry--><\/div><\/div>\n","protected":false},"excerpt":{"rendered":"","protected":false},"author":4,"featured_media":0,"parent":0,"menu_order":10,"comment_status":"closed","ping_status":"closed","template":"","meta":{"inline_featured_image":false,"_exactmetrics_skip_tracking":false,"_exactmetrics_sitenote_active":false,"_exactmetrics_sitenote_note":"","_exactmetrics_sitenote_category":0},"_links":{"self":[{"href":"https:\/\/yachtalliance.com\/fr\/wp-json\/wp\/v2\/pages\/3801"}],"collection":[{"href":"https:\/\/yachtalliance.com\/fr\/wp-json\/wp\/v2\/pages"}],"about":[{"href":"https:\/\/yachtalliance.com\/fr\/wp-json\/wp\/v2\/types\/page"}],"author":[{"embeddable":true,"href":"https:\/\/yachtalliance.com\/fr\/wp-json\/wp\/v2\/users\/4"}],"replies":[{"embeddable":true,"href":"https:\/\/yachtalliance.com\/fr\/wp-json\/wp\/v2\/comments?post=3801"}],"version-history":[{"count":40,"href":"https:\/\/yachtalliance.com\/fr\/wp-json\/wp\/v2\/pages\/3801\/revisions"}],"predecessor-version":[{"id":4855,"href":"https:\/\/yachtalliance.com\/fr\/wp-json\/wp\/v2\/pages\/3801\/revisions\/4855"}],"wp:attachment":[{"href":"https:\/\/yachtalliance.com\/fr\/wp-json\/wp\/v2\/media?parent=3801"}],"curies":[{"name":"wp","href":"https:\/\/api.w.org\/{rel}","templated":true}]}}