{"id":3863,"date":"2018-04-12T08:46:13","date_gmt":"2018-04-12T08:46:13","guid":{"rendered":"https:\/\/yachtalliance.comprofil\/"},"modified":"2018-06-04T12:39:29","modified_gmt":"2018-06-04T12:39:29","slug":"profil","status":"publish","type":"page","link":"https:\/\/yachtalliance.com\/fr\/profil\/","title":{"rendered":"PROFIL"},"content":{"rendered":"<\/div><\/div><\/div><!-- close content main div --><\/div><\/div><div id='full_slider_1' class='avia-fullwidth-slider main_color avia-shadow    container_wrap fullsize'   ><div  data-size='no scaling'  data-lightbox_size='large'  data-animation='fade'  data-ids='4801,4798,4795'  data-video_counter='0'  data-autoplay='true'  data-bg_slider='false'  data-slide_height=''  data-handle='av_slideshow_full'  data-interval='5'  data-class=' '  data-css_id=''  data-scroll_down=''  data-control_layout='av-control-default'  data-custom_markup=''  data-perma_caption='aviaTBperma_caption'  data-autoplay_stopper=''  data-image_attachment=''  data-min_height=''  data-src=''  data-position='top left'  data-repeat='no-repeat'  data-attach='scroll'  data-stretch=''  class='avia-slideshow avia-slideshow-1  av-control-default av-default-height-applied avia-slideshow-no scaling av_slideshow_full   avia-fade-slider '  itemprop=\"ImageObject\" itemscope=\"itemscope\" itemtype=\"https:\/\/schema.org\/ImageObject\" ><ul class='avia-slideshow-inner' style='padding-bottom: 50.390625%;'><li  class=' slide-1 ' ><div data-rel='slideshow-1' class='avia-slide-wrap'  ><img src='https:\/\/yachtalliance.com\/wp-content\/uploads\/2018\/06\/Yacht_Alliance_About_Us_Main_Photo_Schema_1.jpg' width='2560' height='1290' title='Yacht_Alliance_About_Us_Main_Photo_Schema_1' alt=''  itemprop=\"thumbnailUrl\"   \/><\/div><\/li><li  class=' slide-2 ' ><div data-rel='slideshow-1' class='avia-slide-wrap'  ><img src='https:\/\/yachtalliance.com\/wp-content\/uploads\/2018\/06\/Yacht_Alliance_About_Us_Main_Photo_Schema_2.jpg' width='2560' height='1290' title='Yacht_Alliance_About_Us_Main_Photo_Schema_2' alt=''  itemprop=\"thumbnailUrl\"   \/><\/div><\/li><li  class=' slide-3 ' ><div data-rel='slideshow-1' class='avia-slide-wrap'  ><img src='https:\/\/yachtalliance.com\/wp-content\/uploads\/2018\/06\/Yacht_Alliance_About_Us_Main_Photo_Schema_3.jpg' width='2560' height='1290' title='Yacht_Alliance_About_Us_Main_Photo_Schema_3' alt=''  itemprop=\"thumbnailUrl\"   \/><\/div><\/li><\/ul><div class='avia-slideshow-arrows avia-slideshow-controls'><a href='#prev' class='prev-slide' aria-hidden='true' data-av_icon='\ue87c' data-av_iconfont='entypo-fontello'>Pr\u00e9c\u00e9dent<\/a><a href='#next' class='next-slide' aria-hidden='true' data-av_icon='\ue87d' data-av_iconfont='entypo-fontello'>Suivant<\/a><\/div><div class='avia-slideshow-dots avia-slideshow-controls'><a href='#1' class='goto-slide active' >1<\/a><a href='#2' class='goto-slide ' >2<\/a><a href='#3' class='goto-slide ' >3<\/a><\/div><div class = \"caption_fullwidth av-slideshow-caption caption_center\"><div class = \"container caption_container\"><div class = \"slideshow_caption\"><div class = \"slideshow_inner_caption\"><div class = \"slideshow_align_caption\"><h2  style='font-size:42px; color:#ffffff; ' class='avia-caption-title  av-medium-font-size-overwrite av-medium-font-size-38 av-small-font-size-overwrite av-small-font-size-32 av-mini-font-size-overwrite av-mini-font-size-24'  itemprop=\"name\" ><span class=\"jg_space_4\">PROFIL<\/span><\/h2><\/div><\/div><\/div><\/div><\/div><\/div><\/div>\n<\/div><\/div><\/div><!-- close content main div --><\/div><\/div><div id='jg-section-social-right' class='avia-section main_color avia-section-small avia-no-border-styling avia-bg-style-scroll    container_wrap fullsize'   ><div class='container' ><div class='template-page content  av-content-full alpha units'><div class='post-entry post-entry-type-page post-entry-3863'><div class='entry-content-wrapper clearfix'>\n<div class=\"flex_column av_one_half  flex_column_div av-zero-column-padding first  \" style='border-radius:0px; '><\/div><div class=\"flex_column av_one_half  flex_column_div av-zero-column-padding   \" style='border-radius:0px; '><div class='av-social-sharing-box   av-social-sharing-box-minimal '><div class='av-share-box'><ul class='av-share-box-list noLightbox'><li class='av-share-link av-social-link-facebook' ><a target='_blank' href='http:\/\/www.facebook.com\/sharer.php?u=https:\/\/yachtalliance.com\/fr\/profil\/&amp;t=PROFIL' aria-hidden='true' data-av_icon='\ue8f3' data-av_iconfont='entypo-fontello' title='' data-avia-related-tooltip='Partager sur Facebook'><span class='avia_hidden_link_text'>Partager sur Facebook<\/span><\/a><\/li><li class='av-share-link av-social-link-twitter' ><a target='_blank' href='https:\/\/twitter.com\/share?text=PROFIL&url=https:\/\/yachtalliance.com\/fr\/?p=3863' aria-hidden='true' data-av_icon='\ue8f1' data-av_iconfont='entypo-fontello' title='' data-avia-related-tooltip='Partager sur Twitter'><span class='avia_hidden_link_text'>Partager sur Twitter<\/span><\/a><\/li><li class='av-share-link av-social-link-gplus' ><a target='_blank' href='https:\/\/plus.google.com\/share?url=https:\/\/yachtalliance.com\/fr\/profil\/' aria-hidden='true' data-av_icon='\ue8f6' data-av_iconfont='entypo-fontello' title='' data-avia-related-tooltip='Partager sur Google+'><span class='avia_hidden_link_text'>Partager sur Google+<\/span><\/a><\/li><li class='av-share-link av-social-link-pinterest' ><a target='_blank' href='http:\/\/pinterest.com\/pin\/create\/button\/?url=https%3A%2F%2Fyachtalliance.com%2Ffr%2Fprofil%2F&amp;description=PROFIL&amp;media=' aria-hidden='true' data-av_icon='\ue8f8' data-av_iconfont='entypo-fontello' title='' data-avia-related-tooltip='Partager sur Pinterest'><span class='avia_hidden_link_text'>Partager sur Pinterest<\/span><\/a><\/li><li class='av-share-link av-social-link-linkedin' ><a target='_blank' href='http:\/\/linkedin.com\/shareArticle?mini=true&amp;title=PROFIL&amp;url=https:\/\/yachtalliance.com\/fr\/profil\/' aria-hidden='true' data-av_icon='\ue8fc' data-av_iconfont='entypo-fontello' title='' data-avia-related-tooltip='Partager sur Linkedin'><span class='avia_hidden_link_text'>Partager sur Linkedin<\/span><\/a><\/li><li class='av-share-link av-social-link-mail' ><a  href='mailto:?subject=PROFIL&amp;body=https:\/\/yachtalliance.com\/fr\/profil\/' aria-hidden='true' data-av_icon='\ue805' data-av_iconfont='entypo-fontello' title='' data-avia-related-tooltip='Partager par Mail'><span class='avia_hidden_link_text'>Partager par Mail<\/span><\/a><\/li><\/ul><\/div><\/div><\/div>\n\n<\/div><\/div><\/div><!-- close content main div --><\/div><\/div><div id='av_section_2' class='avia-section main_color avia-section-no-padding avia-no-border-styling avia-bg-style-scroll    container_wrap fullsize'   ><div class='container' ><div class='template-page content  av-content-full alpha units'><div class='post-entry post-entry-type-page post-entry-3863'><div class='entry-content-wrapper clearfix'>\n<div class=\"flex_column av_two_fifth  flex_column_div av-zero-column-padding first  \" style='border-radius:0px; '><\/div><div class=\"flex_column av_three_fifth  flex_column_div av-zero-column-padding   \" style='border-radius:0px; '><p><div style='padding-bottom:0px;' class='av-special-heading av-special-heading-h6  blockquote modern-quote  jg_space_2 '><h6 class='av-special-heading-tag '  itemprop=\"headline\"  ><b>PROFIL<\/b><\/h6><div class='special-heading-border'><div class='special-heading-inner-border' ><\/div><\/div><\/div><br \/>\n<div style=' margin-top:0px; margin-bottom:30px;'  class='hr hr-custom hr-left hr-icon-no   '><span class='hr-inner   inner-border-av-border-thin' style=' width:250px; border-color:#204588;' ><span class='hr-inner-style'><\/span><\/span><\/div><\/p><\/div><div class=\"flex_column av_one_half  flex_column_div av-zero-column-padding first  \" style='border-radius:0px; '><\/div><div class=\"flex_column av_one_half  flex_column_div av-zero-column-padding   \" style='border-radius:0px; '><p><div style='padding-bottom:10px;' class='av-special-heading av-special-heading-h3  blockquote modern-quote   '><h3 class='av-special-heading-tag '  itemprop=\"headline\"  >YACHT ALLIANCE EST UNE SOCI\u00c9T\u00c9 <span class='special_amp'>\u201c<\/span>BOUTIQUE<span class='special_amp'>\u201d<\/span> DU YACHTING DE LUXE<\/h3><div class='special-heading-border'><div class='special-heading-inner-border' ><\/div><\/div><\/div><br \/>\n<div style='height:10px' class='hr hr-invisible   '><span class='hr-inner ' ><span class='hr-inner-style'><\/span><\/span><\/div><br \/>\n<section class=\"av_textblock_section \"  itemscope=\"itemscope\" itemtype=\"https:\/\/schema.org\/CreativeWork\" ><div class='avia_textblock  '   itemprop=\"text\" ><p>Avec un r\u00e9seau mondial d\u2019\u00aballiances\u00bb dans des endroits internationaux, Yacht Alliance a une pr\u00e9sence internationale combin\u00e9e avec la connaissance locale n\u00e9cessaire pour servir les besoins de ses clients partout.<\/p>\n<p>Quand le moment arrive de louer ou acheter un super yacht, Yacht Alliance associe l\u2019un des moyens les plus innovants et les plus s\u00fbrs de fournir une analyse de march\u00e9 tr\u00e8s pr\u00e9cise et honn\u00eate qui permettra rien de moins que l\u2019option la plus r\u00e9aliste et concr\u00e8te pour d\u00e9fendre vos int\u00e9r\u00eats.<\/p>\n<p>L\u2019\u00e9volution constante de l\u2019industrie Super Yacht au cours des ces derni\u00e8res ann\u00e9es turbulentes, ont cr\u00e9\u00e9 un besoin pour une \u00abimplication plus personnelle\u00bb, quelque chose que seule une organisation tr\u00e8s flexible peut offrir en fournissant une qualit\u00e9 et un service exclusif \u00e0 ses clients. C\u2019est l\u00e0 o\u00f9 se situe Yacht Alliance, c\u2019est l\u00e0 o\u00f9 vous vous situez.<\/p>\n<p>Quels que soient vos d\u00e9sirs, notre soci\u00e9t\u00e9 se chargera de toutes vos demandes avec le plus grand professionnalisme et discr\u00e9tion. Le yachting devrait \u00eatre une exp\u00e9rience agr\u00e9able et nous sommes ici pour nous assurer que cela continue.<br \/>\nParler directement et honn\u00eatement, c\u2019est ce qui nous sommes. Laissez-nous vous prot\u00e9ger concernant vos exigences de Yachting.<\/p>\n<p>Sinc\u00e8rement<br \/>\nL\u2019\u00e9quipe de Yacht Alliance<\/p>\n<\/div><\/section><\/p><\/div>\n\n<\/div><\/div><\/div><!-- close content main div --><\/div><\/div><div id='jg_portfolio_buttons' class='avia-section main_color avia-section-large avia-no-border-styling avia-bg-style-scroll    container_wrap fullsize'   ><div class='container' ><div class='template-page content  av-content-full alpha units'><div class='post-entry post-entry-type-page post-entry-3863'><div class='entry-content-wrapper clearfix'>\n<div class=\"flex_column av_one_half  flex_column_div av-zero-column-padding first  \" style='border-radius:0px; '><\/div><div class=\"flex_column av_one_half  flex_column_div av-zero-column-padding   \" style='border-radius:0px; '><p><div class='avia-button-wrap avia-button-center  '><a href='mailto:yachts@yachtalliance.com' class='avia-button av-icon-on-hover  avia-icon_select-yes-right-icon avia-color-custom avia-size-medium avia-position-center '  style='background-color:#444444; border-color:#444444; color:#ffffff; ' ><span class='avia_iconbox_title' >NOUS CONTACTER<\/span><span class='avia_button_icon avia_button_icon_right' aria-hidden='true' data-av_icon='\ue805' data-av_iconfont='entypo-fontello'><\/span><\/a><\/div><br \/>\n<div class='avia-button-wrap avia-button-center  '><a href='tel:+302109836918' class='avia-button   avia-icon_select-yes-left-icon avia-color-custom avia-size-medium avia-position-center '  style='background-color:#444444; border-color:#444444; color:#ffffff; ' ><span class='avia_button_icon avia_button_icon_left ' aria-hidden='true' data-av_icon='\ue854' data-av_iconfont='entypo-fontello'><\/span><span class='avia_iconbox_title' >+30 210 9836918<\/span><\/a><\/div><\/p><\/div>\n\n<div id='av-masonry-1' class='av-masonry noHover av-fixed-size av-no-gap av-hover-overlay-active av-masonry-col-2 av-caption-always av-caption-style- av-masonry-gallery     ' style='background-color:rgba(0,0,0,0); ' ><div class='av-masonry-container isotope av-js-disabled ' ><div class='av-masonry-entry isotope-item av-masonry-item-no-image '><\/div><div id='av-masonry-1-item-4342' data-av-masonry-item='4342' class='av-masonry-entry isotope-item post-4342 attachment type-attachment status-inherit hentry  av-masonry-item-with-image'   itemprop=\"thumbnailUrl\" ><div class='av-inner-masonry-sizer'><\/div><figure class='av-inner-masonry main_color'><div class=\"av-masonry-outerimage-container\"><div class=\"av-masonry-image-container\" style=\"background-image: url(https:\/\/yachtalliance.com\/wp-content\/uploads\/2018\/04\/Yacht_Alliance_About_Us_Schema_b.jpg);\"><img src=\"https:\/\/yachtalliance.com\/wp-content\/uploads\/2018\/04\/Yacht_Alliance_About_Us_Schema_b.jpg\" title=\"Yacht_Alliance_About_Us_Schema_b\" alt=\"\" \/><\/div><\/div><\/figure><\/div><!--end av-masonry entry--><div id='av-masonry-1-item-4730' data-av-masonry-item='4730' class='av-masonry-entry isotope-item post-4730 attachment type-attachment status-inherit hentry  av-masonry-item-with-image'   itemprop=\"thumbnailUrl\" ><div class='av-inner-masonry-sizer'><\/div><figure class='av-inner-masonry main_color'><div class=\"av-masonry-outerimage-container\"><div class=\"av-masonry-image-container\" style=\"background-image: url(https:\/\/yachtalliance.com\/wp-content\/uploads\/2018\/05\/Yacht_Alliance_About_Us_Schema_3b.jpg);\"><img src=\"https:\/\/yachtalliance.com\/wp-content\/uploads\/2018\/05\/Yacht_Alliance_About_Us_Schema_3b.jpg\" title=\"Yacht_Alliance_About_Us_Schema_3b\" alt=\"\" \/><\/div><\/div><\/figure><\/div><!--end av-masonry entry--><\/div><\/div>\n","protected":false},"excerpt":{"rendered":"","protected":false},"author":4,"featured_media":0,"parent":0,"menu_order":40,"comment_status":"closed","ping_status":"closed","template":"","meta":{"inline_featured_image":false,"_exactmetrics_skip_tracking":false,"_exactmetrics_sitenote_active":false,"_exactmetrics_sitenote_note":"","_exactmetrics_sitenote_category":0},"_links":{"self":[{"href":"https:\/\/yachtalliance.com\/fr\/wp-json\/wp\/v2\/pages\/3863"}],"collection":[{"href":"https:\/\/yachtalliance.com\/fr\/wp-json\/wp\/v2\/pages"}],"about":[{"href":"https:\/\/yachtalliance.com\/fr\/wp-json\/wp\/v2\/types\/page"}],"author":[{"embeddable":true,"href":"https:\/\/yachtalliance.com\/fr\/wp-json\/wp\/v2\/users\/4"}],"replies":[{"embeddable":true,"href":"https:\/\/yachtalliance.com\/fr\/wp-json\/wp\/v2\/comments?post=3863"}],"version-history":[{"count":19,"href":"https:\/\/yachtalliance.com\/fr\/wp-json\/wp\/v2\/pages\/3863\/revisions"}],"predecessor-version":[{"id":4804,"href":"https:\/\/yachtalliance.com\/fr\/wp-json\/wp\/v2\/pages\/3863\/revisions\/4804"}],"wp:attachment":[{"href":"https:\/\/yachtalliance.com\/fr\/wp-json\/wp\/v2\/media?parent=3863"}],"curies":[{"name":"wp","href":"https:\/\/api.w.org\/{rel}","templated":true}]}}