{"id":3949,"date":"2018-04-12T09:29:16","date_gmt":"2018-04-12T09:29:16","guid":{"rendered":"https:\/\/yachtalliance.comlouer-un-yacht\/notre-proposition-affaires\/"},"modified":"2018-06-04T13:26:20","modified_gmt":"2018-06-04T13:26:20","slug":"notre-proposition-affaires","status":"publish","type":"page","link":"https:\/\/yachtalliance.com\/fr\/louer-un-yacht\/notre-proposition-affaires\/","title":{"rendered":"NOTRE PROPOSITION AFFAIRES"},"content":{"rendered":"<\/div><\/div><\/div><!-- close content main div --><\/div><\/div><div id='full_slider_1' class='avia-fullwidth-slider main_color avia-shadow    container_wrap fullsize'   ><div  data-size='no scaling'  data-lightbox_size='large'  data-animation='fade'  data-ids='4395,4861,4858'  data-video_counter='0'  data-autoplay='true'  data-bg_slider='false'  data-slide_height=''  data-handle='av_slideshow_full'  data-interval='5'  data-class=' '  data-css_id=''  data-scroll_down=''  data-control_layout='av-control-default'  data-custom_markup=''  data-perma_caption='aviaTBperma_caption'  data-autoplay_stopper=''  data-image_attachment=''  data-min_height=''  data-src=''  data-position='top left'  data-repeat='no-repeat'  data-attach='scroll'  data-stretch=''  class='avia-slideshow avia-slideshow-1  av-control-default av-default-height-applied avia-slideshow-no scaling av_slideshow_full   avia-fade-slider '  itemprop=\"ImageObject\" itemscope=\"itemscope\" itemtype=\"https:\/\/schema.org\/ImageObject\" ><ul class='avia-slideshow-inner' style='padding-bottom: 50.397877984085%;'><li  class=' slide-1 ' ><div data-rel='slideshow-1' class='avia-slide-wrap'  ><img src='https:\/\/yachtalliance.com\/wp-content\/uploads\/2018\/04\/Yacht_Alliance_Chartering_Business_Portfolio_Schema_a.jpg' width='2262' height='1140' title='Yacht_Alliance_Chartering_Business_Portfolio_Schema_a' alt=''  itemprop=\"thumbnailUrl\"   \/><\/div><\/li><li  class=' slide-2 ' ><div data-rel='slideshow-1' class='avia-slide-wrap'  ><img src='https:\/\/yachtalliance.com\/wp-content\/uploads\/2018\/06\/Yacht_Alliance_Chartering_Business_Portfolio_Schema_b.jpg' width='2560' height='1290' title='Yacht_Alliance_Chartering_Business_Portfolio_Schema_b' alt=''  itemprop=\"thumbnailUrl\"   \/><\/div><\/li><li  class=' slide-3 ' ><div data-rel='slideshow-1' class='avia-slide-wrap'  ><img src='https:\/\/yachtalliance.com\/wp-content\/uploads\/2018\/06\/Yacht_Alliance_Chartering_Business_Portfolio_Schema_c.jpg' width='2560' height='1290' title='Yacht_Alliance_Chartering_Business_Portfolio_Schema_c' alt=''  itemprop=\"thumbnailUrl\"   \/><\/div><\/li><\/ul><div class='avia-slideshow-arrows avia-slideshow-controls'><a href='#prev' class='prev-slide' aria-hidden='true' data-av_icon='\ue87c' data-av_iconfont='entypo-fontello'>Pr\u00e9c\u00e9dent<\/a><a href='#next' class='next-slide' aria-hidden='true' data-av_icon='\ue87d' data-av_iconfont='entypo-fontello'>Suivant<\/a><\/div><div class='avia-slideshow-dots avia-slideshow-controls'><a href='#1' class='goto-slide active' >1<\/a><a href='#2' class='goto-slide ' >2<\/a><a href='#3' class='goto-slide ' >3<\/a><\/div><div class = \"caption_fullwidth av-slideshow-caption caption_center\"><div class = \"container caption_container\"><div class = \"slideshow_caption\"><div class = \"slideshow_inner_caption\"><div class = \"slideshow_align_caption\"><h2  style='font-size:42px; color:#ffffff; ' class='avia-caption-title  av-medium-font-size-overwrite av-medium-font-size-38 av-small-font-size-overwrite av-small-font-size-32 av-mini-font-size-overwrite av-mini-font-size-24'  itemprop=\"name\" ><span class=\"jg_space_4\">NOTRE PROPOSITION<br \/>\nAFFAIRES<\/span><\/h2><\/div><\/div><\/div><\/div><\/div><\/div><\/div>\n<\/div><\/div><\/div><!-- close content main div --><\/div><\/div><div id='jg-section-social-right' class='avia-section main_color avia-section-small avia-no-border-styling avia-bg-style-scroll    container_wrap fullsize'   ><div class='container' ><div class='template-page content  av-content-full alpha units'><div class='post-entry post-entry-type-page post-entry-3949'><div class='entry-content-wrapper clearfix'>\n<div class=\"flex_column av_one_half  flex_column_div av-zero-column-padding first  \" style='border-radius:0px; '><\/div><div class=\"flex_column av_one_half  flex_column_div av-zero-column-padding   \" style='border-radius:0px; '><div class='av-social-sharing-box   av-social-sharing-box-minimal '><div class='av-share-box'><ul class='av-share-box-list noLightbox'><li class='av-share-link av-social-link-facebook' ><a target='_blank' href='http:\/\/www.facebook.com\/sharer.php?u=https:\/\/yachtalliance.com\/fr\/louer-un-yacht\/notre-proposition-affaires\/&amp;t=NOTRE%20PROPOSITION%20AFFAIRES' aria-hidden='true' data-av_icon='\ue8f3' data-av_iconfont='entypo-fontello' title='' data-avia-related-tooltip='Partager sur Facebook'><span class='avia_hidden_link_text'>Partager sur Facebook<\/span><\/a><\/li><li class='av-share-link av-social-link-twitter' ><a target='_blank' href='https:\/\/twitter.com\/share?text=NOTRE%20PROPOSITION%20AFFAIRES&url=https:\/\/yachtalliance.com\/fr\/?p=3949' aria-hidden='true' data-av_icon='\ue8f1' data-av_iconfont='entypo-fontello' title='' data-avia-related-tooltip='Partager sur Twitter'><span class='avia_hidden_link_text'>Partager sur Twitter<\/span><\/a><\/li><li class='av-share-link av-social-link-gplus' ><a target='_blank' href='https:\/\/plus.google.com\/share?url=https:\/\/yachtalliance.com\/fr\/louer-un-yacht\/notre-proposition-affaires\/' aria-hidden='true' data-av_icon='\ue8f6' data-av_iconfont='entypo-fontello' title='' data-avia-related-tooltip='Partager sur Google+'><span class='avia_hidden_link_text'>Partager sur Google+<\/span><\/a><\/li><li class='av-share-link av-social-link-pinterest' ><a target='_blank' href='http:\/\/pinterest.com\/pin\/create\/button\/?url=https%3A%2F%2Fyachtalliance.com%2Ffr%2Flouer-un-yacht%2Fnotre-proposition-affaires%2F&amp;description=NOTRE%20PROPOSITION%20AFFAIRES&amp;media=' aria-hidden='true' data-av_icon='\ue8f8' data-av_iconfont='entypo-fontello' title='' data-avia-related-tooltip='Partager sur Pinterest'><span class='avia_hidden_link_text'>Partager sur Pinterest<\/span><\/a><\/li><li class='av-share-link av-social-link-linkedin' ><a target='_blank' href='http:\/\/linkedin.com\/shareArticle?mini=true&amp;title=NOTRE%20PROPOSITION%20AFFAIRES&amp;url=https:\/\/yachtalliance.com\/fr\/louer-un-yacht\/notre-proposition-affaires\/' aria-hidden='true' data-av_icon='\ue8fc' data-av_iconfont='entypo-fontello' title='' data-avia-related-tooltip='Partager sur Linkedin'><span class='avia_hidden_link_text'>Partager sur Linkedin<\/span><\/a><\/li><li class='av-share-link av-social-link-mail' ><a  href='mailto:?subject=NOTRE%20PROPOSITION%20AFFAIRES&amp;body=https:\/\/yachtalliance.com\/fr\/louer-un-yacht\/notre-proposition-affaires\/' aria-hidden='true' data-av_icon='\ue805' data-av_iconfont='entypo-fontello' title='' data-avia-related-tooltip='Partager par Mail'><span class='avia_hidden_link_text'>Partager par Mail<\/span><\/a><\/li><\/ul><\/div><\/div><\/div>\n\n<\/div><\/div><\/div><!-- close content main div --><\/div><\/div><div id='av_section_2' class='avia-section main_color avia-section-no-padding avia-no-border-styling avia-bg-style-scroll    container_wrap fullsize'   ><div class='container' ><div class='template-page content  av-content-full alpha units'><div class='post-entry post-entry-type-page post-entry-3949'><div class='entry-content-wrapper clearfix'>\n<div class=\"flex_column av_two_fifth  flex_column_div av-zero-column-padding first  \" style='border-radius:0px; '><\/div><div class=\"flex_column av_three_fifth  flex_column_div av-zero-column-padding   \" style='border-radius:0px; '><p><div style='padding-bottom:0px;' class='av-special-heading av-special-heading-h6  blockquote modern-quote  jg_space_2 '><h6 class='av-special-heading-tag '  itemprop=\"headline\"  ><b>CHARTER<\/b><\/h6><div class='special-heading-border'><div class='special-heading-inner-border' ><\/div><\/div><\/div><br \/>\n<div style=' margin-top:0px; margin-bottom:30px;'  class='hr hr-custom hr-left hr-icon-no   '><span class='hr-inner   inner-border-av-border-thin' style=' width:250px; border-color:#204588;' ><span class='hr-inner-style'><\/span><\/span><\/div><\/p><\/div><div class=\"flex_column av_one_half  flex_column_div av-zero-column-padding first  \" style='border-radius:0px; '><\/div><div class=\"flex_column av_one_half  flex_column_div av-zero-column-padding   \" style='border-radius:0px; '><p><div style='padding-bottom:10px;' class='av-special-heading av-special-heading-h3  blockquote modern-quote   '><h3 class='av-special-heading-tag '  itemprop=\"headline\"  >VOS BESOINS DE LOISIRS<\/h3><div class='special-heading-border'><div class='special-heading-inner-border' ><\/div><\/div><\/div><br \/>\n<div style='height:10px' class='hr hr-invisible   '><span class='hr-inner ' ><span class='hr-inner-style'><\/span><\/span><\/div><br \/>\n<section class=\"av_textblock_section \"  itemscope=\"itemscope\" itemtype=\"https:\/\/schema.org\/CreativeWork\" ><div class='avia_textblock  '   itemprop=\"text\" ><p>Apr\u00e8s tant d&rsquo;ann\u00e9es au service de nos pr\u00e9cieux clients avec beaucoup de succ\u00e8s dans l&rsquo;industrie du yachting, nous avons d\u00e9cid\u00e9 d&rsquo;\u00e9tendre nos services dans d&rsquo;autres secteurs concernant vos besoins de loisirs.<\/p>\n<p>Ces services ont \u00e9t\u00e9 soigneusement organis\u00e9s et d\u00e9velopp\u00e9s afin de fournir la meilleure qualit\u00e9 qui soit disponible sur le march\u00e9. Nous avons investi des efforts s\u00e9rieux pour am\u00e9liorer la s\u00e9curit\u00e9 afin que vous puissiez jouir du plaisir au maximum.<\/p>\n<p>Nous sommes capables d&rsquo;offrir:<\/p>\n<p>\u2022 Des jets priv\u00e9s<br \/>\n\u2022Location d&rsquo;h\u00e9licopt\u00e8res<br \/>\n\u2022 Villas exclusives<br \/>\n\u2022 Services de transport avec chauffeur<br \/>\n\u2022 Transport de VIP assur\u00e9 par un personnel hautement qualifi\u00e9<\/p>\n<\/div><\/section><br \/>\n<div class='avia-button-wrap avia-button-left  '><a href='https:\/\/yachtalliance.com\/fr\/louer-un-yacht\/charter\/' class='avia-button av-icon-on-hover  avia-icon_select-yes-right-icon avia-color-dark avia-size-large avia-position-left '   ><span class='avia_iconbox_title' >CHARTER<\/span><span class='avia_button_icon avia_button_icon_right' aria-hidden='true' data-av_icon='\ue875' data-av_iconfont='entypo-fontello'><\/span><\/a><\/div><\/p><\/div><\/div><\/div><\/div><!-- close content main div --><\/div><\/div><div id='jg_portfolio_buttons' class='avia-section main_color avia-section-large avia-no-border-styling avia-bg-style-scroll    container_wrap fullsize'   ><div class='container' ><div class='template-page content  av-content-full alpha units'><div class='post-entry post-entry-type-page post-entry-3949'><div class='entry-content-wrapper clearfix'>\n<div class=\"flex_column av_one_half  flex_column_div av-zero-column-padding first  \" style='border-radius:0px; '><\/div><div class=\"flex_column av_one_half  flex_column_div av-zero-column-padding   \" style='border-radius:0px; '><p><div class='avia-button-wrap avia-button-center  '><a href='mailto:yachts@yachtalliance.com' class='avia-button av-icon-on-hover  avia-icon_select-yes-right-icon avia-color-custom avia-size-medium avia-position-center '  style='background-color:#444444; border-color:#444444; color:#ffffff; ' ><span class='avia_iconbox_title' >NOUS CONTACTER<\/span><span class='avia_button_icon avia_button_icon_right' aria-hidden='true' data-av_icon='\ue805' data-av_iconfont='entypo-fontello'><\/span><\/a><\/div><br \/>\n<div class='avia-button-wrap avia-button-center  '><a href='tel:+302109836918' class='avia-button   avia-icon_select-yes-left-icon avia-color-custom avia-size-medium avia-position-center '  style='background-color:#444444; border-color:#444444; color:#ffffff; ' ><span class='avia_button_icon avia_button_icon_left ' aria-hidden='true' data-av_icon='\ue854' data-av_iconfont='entypo-fontello'><\/span><span class='avia_iconbox_title' >+30 210 9836918<\/span><\/a><\/div><\/p><\/div>\n<\/p>\n<div id='av-masonry-1' class='av-masonry noHover av-fixed-size av-no-gap av-hover-overlay-active av-masonry-col-2 av-caption-always av-caption-style- av-masonry-gallery     ' style='background-color:rgba(0,0,0,0); ' ><div class='av-masonry-container isotope av-js-disabled ' ><div class='av-masonry-entry isotope-item av-masonry-item-no-image '><\/div><div id='av-masonry-1-item-4402' data-av-masonry-item='4402' class='av-masonry-entry isotope-item post-4402 attachment type-attachment status-inherit hentry  av-masonry-item-with-image'   itemprop=\"thumbnailUrl\" ><div class='av-inner-masonry-sizer'><\/div><figure class='av-inner-masonry main_color'><div class=\"av-masonry-outerimage-container\"><div class=\"av-masonry-image-container\" style=\"background-image: url(https:\/\/yachtalliance.com\/wp-content\/uploads\/2018\/04\/Yacht_Alliance_Chartering_Business_Portfolio_Schema_b.jpg);\"><img src=\"https:\/\/yachtalliance.com\/wp-content\/uploads\/2018\/04\/Yacht_Alliance_Chartering_Business_Portfolio_Schema_b.jpg\" title=\"Yacht_Alliance_Chartering_Business_Portfolio_Schema_b\" alt=\"\" \/><\/div><\/div><\/figure><\/div><!--end av-masonry entry--><div id='av-masonry-1-item-4864' data-av-masonry-item='4864' class='av-masonry-entry isotope-item post-4864 attachment type-attachment status-inherit hentry  av-masonry-item-with-image'   itemprop=\"thumbnailUrl\" ><div class='av-inner-masonry-sizer'><\/div><figure class='av-inner-masonry main_color'><div class=\"av-masonry-outerimage-container\"><div class=\"av-masonry-image-container\" style=\"background-image: url(https:\/\/yachtalliance.com\/wp-content\/uploads\/2018\/06\/Yacht_Alliance_Chartering_Business_Portfolio_Schema_3.jpg);\"><img src=\"https:\/\/yachtalliance.com\/wp-content\/uploads\/2018\/06\/Yacht_Alliance_Chartering_Business_Portfolio_Schema_3.jpg\" title=\"Yacht_Alliance_Chartering_Business_Portfolio_Schema_3\" alt=\"\" \/><\/div><\/div><\/figure><\/div><!--end av-masonry entry--><\/div><\/div>\n","protected":false},"excerpt":{"rendered":"","protected":false},"author":4,"featured_media":0,"parent":3892,"menu_order":3,"comment_status":"closed","ping_status":"closed","template":"","meta":{"inline_featured_image":false,"_exactmetrics_skip_tracking":false,"_exactmetrics_sitenote_active":false,"_exactmetrics_sitenote_note":"","_exactmetrics_sitenote_category":0},"_links":{"self":[{"href":"https:\/\/yachtalliance.com\/fr\/wp-json\/wp\/v2\/pages\/3949"}],"collection":[{"href":"https:\/\/yachtalliance.com\/fr\/wp-json\/wp\/v2\/pages"}],"about":[{"href":"https:\/\/yachtalliance.com\/fr\/wp-json\/wp\/v2\/types\/page"}],"author":[{"embeddable":true,"href":"https:\/\/yachtalliance.com\/fr\/wp-json\/wp\/v2\/users\/4"}],"replies":[{"embeddable":true,"href":"https:\/\/yachtalliance.com\/fr\/wp-json\/wp\/v2\/comments?post=3949"}],"version-history":[{"count":16,"href":"https:\/\/yachtalliance.com\/fr\/wp-json\/wp\/v2\/pages\/3949\/revisions"}],"predecessor-version":[{"id":4894,"href":"https:\/\/yachtalliance.com\/fr\/wp-json\/wp\/v2\/pages\/3949\/revisions\/4894"}],"up":[{"embeddable":true,"href":"https:\/\/yachtalliance.com\/fr\/wp-json\/wp\/v2\/pages\/3892"}],"wp:attachment":[{"href":"https:\/\/yachtalliance.com\/fr\/wp-json\/wp\/v2\/media?parent=3949"}],"curies":[{"name":"wp","href":"https:\/\/api.w.org\/{rel}","templated":true}]}}